{"id":801,"date":"2020-04-29T21:54:40","date_gmt":"2020-04-29T20:54:40","guid":{"rendered":"https:\/\/www.tarracoprint.com\/?page_id=801"},"modified":"2026-01-20T05:25:03","modified_gmt":"2026-01-20T04:25:03","slug":"p3d","status":"publish","type":"page","link":"https:\/\/www.tarracoprint.com\/?page_id=801","title":{"rendered":"p3d"},"content":{"rendered":"\t\t<div data-elementor-type=\"wp-page\" data-elementor-id=\"801\" class=\"elementor elementor-801\" data-elementor-post-type=\"page\">\n\t\t\t\t<div class=\"elementor-element elementor-element-3b967f4 e-flex e-con-boxed e-con e-parent\" data-id=\"3b967f4\" data-element_type=\"container\">\n\t\t\t\t\t<div class=\"e-con-inner\">\n\t\t\t\t<div class=\"elementor-element elementor-element-7251fea elementor-widget elementor-widget-heading\" data-id=\"7251fea\" data-element_type=\"widget\" data-widget_type=\"heading.default\">\n\t\t\t\t<div class=\"elementor-widget-container\">\n\t\t\t\t\t<h1 class=\"elementor-heading-title elementor-size-default\">Algunas muestras de trabajos en 3D<\/h1>\t\t\t\t<\/div>\n\t\t\t\t<\/div>\n\t\t\t\t\t<\/div>\n\t\t\t\t<\/div>\n\t\t<div class=\"elementor-element elementor-element-6211972 e-flex e-con-boxed e-con e-parent\" data-id=\"6211972\" data-element_type=\"container\" data-settings=\"{&quot;background_background&quot;:&quot;slideshow&quot;,&quot;shape_divider_top&quot;:&quot;waves&quot;,&quot;shape_divider_bottom&quot;:&quot;drops&quot;,&quot;background_slideshow_gallery&quot;:[],&quot;background_slideshow_loop&quot;:&quot;yes&quot;,&quot;background_slideshow_slide_duration&quot;:5000,&quot;background_slideshow_slide_transition&quot;:&quot;fade&quot;,&quot;background_slideshow_transition_duration&quot;:500}\">\n\t\t\t\t\t<div class=\"e-con-inner\">\n\t\t\t\t<div class=\"elementor-shape elementor-shape-top\" aria-hidden=\"true\" data-negative=\"false\">\n\t\t\t<svg xmlns=\"http:\/\/www.w3.org\/2000\/svg\" viewBox=\"0 0 1000 100\" preserveAspectRatio=\"none\">\n\t<path class=\"elementor-shape-fill\" d=\"M421.9,6.5c22.6-2.5,51.5,0.4,75.5,5.3c23.6,4.9,70.9,23.5,100.5,35.7c75.8,32.2,133.7,44.5,192.6,49.7\n\tc23.6,2.1,48.7,3.5,103.4-2.5c54.7-6,106.2-25.6,106.2-25.6V0H0v30.3c0,0,72,32.6,158.4,30.5c39.2-0.7,92.8-6.7,134-22.4\n\tc21.2-8.1,52.2-18.2,79.7-24.2C399.3,7.9,411.6,7.5,421.9,6.5z\"\/>\n<\/svg>\t\t<\/div>\n\t\t\t\t<div class=\"elementor-shape elementor-shape-bottom\" aria-hidden=\"true\" data-negative=\"false\">\n\t\t\t<svg xmlns=\"http:\/\/www.w3.org\/2000\/svg\" height=\"100%\" viewBox=\"0 0 283.5 27.8\" preserveAspectRatio=\"xMidYMax slice\">\n\t<path class=\"elementor-shape-fill\" d=\"M0 0v1.4c.6.7 1.1 1.4 1.4 2 2 3.8 2.2 6.6 1.8 10.8-.3 3.3-2.4 9.4 0 12.3 1.7 2 3.7 1.4 4.6-.9 1.4-3.8-.7-8.2-.6-12 .1-3.7 3.2-5.5 6.9-4.9 4 .6 4.8 4 4.9 7.4.1 1.8-1.1 7 0 8.5.6.8 1.6 1.2 2.4.5 1.4-1.1.1-5.4.1-6.9.1-3.7.3-8.6 4.1-10.5 5-2.5 6.2 1.6 5.4 5.6-.4 1.7-1 9.2 2.9 6.3 1.5-1.1.7-3.5.5-4.9-.4-2.4-.4-4.3 1-6.5.9-1.4 2.4-3.1 4.2-3 2.4.1 2.7 2.2 4 3.7 1.5 1.8 1.8 2.2 3 .1 1.1-1.9 1.2-2.8 3.6-3.3 1.3-.3 4.8-1.4 5.9-.5 1.5 1.1.6 2.8.4 4.3-.2 1.1-.6 4 1.8 3.4 1.7-.4-.3-4.1.6-5.6 1.3-2.2 5.8-1.4 7 .5 1.3 2.1.5 5.8.1 8.1s-1.2 5-.6 7.4c1.3 5.1 4.4.9 4.3-2.4-.1-4.4-2-8.8-.5-13 .9-2.4 4.6-6.6 7.7-4.5 2.7 1.8.5 7.8.2 10.3-.2 1.7-.8 4.6.2 6.2.9 1.4 2 1.5 2.6-.3.5-1.5-.9-4.5-1-6.1-.2-1.7-.4-3.7.2-5.4 1.8-5.6 3.5 2.4 6.3.6 1.4-.9 4.3-9.4 6.1-3.1.6 2.2-1.3 7.8.7 8.9 4.2 2.3 1.5-7.1 2.2-8 3.1-4 4.7 3.8 6.1 4.1 3.1.7 2.8-7.9 8.1-4.5 1.7 1.1 2.9 3.3 3.2 5.2.4 2.2-1 4.5-.6 6.6 1 4.3 4.4 1.5 4.4-1.7 0-2.7-3-8.3 1.4-9.1 4.4-.9 7.3 3.5 7.8 6.9.3 2-1.5 10.9 1.3 11.3 4.1.6-3.2-15.7 4.8-15.8 4.7-.1 2.8 4.1 3.9 6.6 1 2.4 2.1 1 2.3-.8.3-1.9-.9-3.2 1.3-4.3 5.9-2.9 5.9 5.4 5.5 8.5-.3 2-1.7 8.4 2 8.1 6.9-.5-2.8-16.9 4.8-18.7 4.7-1.2 6.1 3.6 6.3 7.1.1 1.7-1.2 8.1.6 9.1 3.5 2 1.9-7 2-8.4.2-4 1.2-9.6 6.4-9.8 4.7-.2 3.2 4.6 2.7 7.5-.4 2.2 1.3 8.6 3.8 4.4 1.1-1.9-.3-4.1-.3-6 0-1.7.4-3.2 1.3-4.6 1-1.6 2.9-3.5 5.1-2.9 2.5.6 2.3 4.1 4.1 4.9 1.9.8 1.6-.9 2.3-2.1 1.2-2.1 2.1-2.1 4.4-2.4 1.4-.2 3.6-1.5 4.9-.5 2.3 1.7-.7 4.4.1 6.5.6 1.5 2.1 1.7 2.8.3.7-1.4-1.1-3.4-.3-4.8 1.4-2.5 6.2-1.2 7.2 1 2.3 4.8-3.3 12-.2 16.3 3 4.1 3.9-2.8 3.8-4.8-.4-4.3-2.1-8.9 0-13.1 1.3-2.5 5.9-5.7 7.9-2.4 2 3.2-1.3 9.8-.8 13.4.5 4.4 3.5 3.3 2.7-.8-.4-1.9-2.4-10 .6-11.1 3.7-1.4 2.8 7.2 6.5.4 2.2-4.1 4.9-3.1 5.2 1.2.1 1.5-.6 3.1-.4 4.6.2 1.9 1.8 3.7 3.3 1.3 1-1.6-2.6-10.4 2.9-7.3 2.6 1.5 1.6 6.5 4.8 2.7 1.3-1.5 1.7-3.6 4-3.7 2.2-.1 4 2.3 4.8 4.1 1.3 2.9-1.5 8.4.9 10.3 4.2 3.3 3-5.5 2.7-6.9-.6-3.9 1-7.2 5.5-5 4.1 2.1 4.3 7.7 4.1 11.6 0 .8-.6 9.5 2.5 5.2 1.2-1.7-.1-7.7.1-9.6.3-2.9 1.2-5.5 4.3-6.2 4.5-1 7.7 1.5 7.4 5.8-.2 3.5-1.8 7.7-.5 11.1 1 2.7 3.6 2.8 5 .2 1.6-3.1 0-8.3-.4-11.6-.4-4.2-.2-7 1.8-10.8 0 0-.1.1-.1.2-.2.4-.3.7-.4.8v.1c-.1.2-.1.2 0 0v-.1l.4-.8c0-.1.1-.1.1-.2.2-.4.5-.8.8-1.2V0H0zM282.7 3.4z\"\/>\n<\/svg>\t\t<\/div>\n\t\t\t\t<div class=\"elementor-element elementor-element-27c045a gallery-spacing-custom elementor-widget elementor-widget-image-gallery\" data-id=\"27c045a\" data-element_type=\"widget\" data-widget_type=\"image-gallery.default\">\n\t\t\t\t<div class=\"elementor-widget-container\">\n\t\t\t\t\t\t\t<div class=\"elementor-image-gallery\">\n\t\t\t\n\t\t<style type=\"text\/css\">\n\t\t\t#gallery-1 {\n\t\t\t\tmargin: auto;\n\t\t\t}\n\t\t\t#gallery-1 .gallery-item {\n\t\t\t\tfloat: left;\n\t\t\t\tmargin-top: 10px;\n\t\t\t\ttext-align: center;\n\t\t\t\twidth: 16%;\n\t\t\t}\n\t\t\t#gallery-1 img {\n\t\t\t\tborder: 2px solid #cfcfcf;\n\t\t\t}\n\t\t\t#gallery-1 .gallery-caption {\n\t\t\t\tmargin-left: 0;\n\t\t\t}\n\t\t\t\/* see gallery_shortcode() in wp-includes\/media.php *\/\n\t\t<\/style>\n\t\t<div id='gallery-1' class='gallery galleryid-801 gallery-columns-6 gallery-size-medium'><dl class='gallery-item'>\n\t\t\t<dt class='gallery-icon landscape'>\n\t\t\t\t<a data-elementor-open-lightbox=\"yes\" data-elementor-lightbox-slideshow=\"27c045a\" data-elementor-lightbox-title=\"Impresi\u00f3n 3D en PLA negro\" data-e-action-hash=\"#elementor-action%3Aaction%3Dlightbox%26settings%3DeyJpZCI6MTg1OCwidXJsIjoiaHR0cHM6XC9cL3d3dy50YXJyYWNvcHJpbnQuY29tXC93cC1jb250ZW50XC91cGxvYWRzXC8yMDI2XC8wMVwvV2hhdHNBcHAtSW1hZ2UtMjAyNi0wMS0xOC1hdC0yMi4xNi40MC5qcGVnIiwic2xpZGVzaG93IjoiMjdjMDQ1YSJ9\" href='https:\/\/www.tarracoprint.com\/wp-content\/uploads\/2026\/01\/WhatsApp-Image-2026-01-18-at-22.16.40.jpeg'><img fetchpriority=\"high\" decoding=\"async\" width=\"300\" height=\"300\" src=\"https:\/\/www.tarracoprint.com\/wp-content\/uploads\/2026\/01\/WhatsApp-Image-2026-01-18-at-22.16.40-300x300.jpeg\" class=\"attachment-medium size-medium\" alt=\"\" aria-describedby=\"gallery-1-1858\" srcset=\"https:\/\/www.tarracoprint.com\/wp-content\/uploads\/2026\/01\/WhatsApp-Image-2026-01-18-at-22.16.40-300x300.jpeg 300w, https:\/\/www.tarracoprint.com\/wp-content\/uploads\/2026\/01\/WhatsApp-Image-2026-01-18-at-22.16.40-1024x1024.jpeg 1024w, https:\/\/www.tarracoprint.com\/wp-content\/uploads\/2026\/01\/WhatsApp-Image-2026-01-18-at-22.16.40-150x150.jpeg 150w, https:\/\/www.tarracoprint.com\/wp-content\/uploads\/2026\/01\/WhatsApp-Image-2026-01-18-at-22.16.40-768x768.jpeg 768w, https:\/\/www.tarracoprint.com\/wp-content\/uploads\/2026\/01\/WhatsApp-Image-2026-01-18-at-22.16.40-1536x1536.jpeg 1536w, https:\/\/www.tarracoprint.com\/wp-content\/uploads\/2026\/01\/WhatsApp-Image-2026-01-18-at-22.16.40-50x50.jpeg 50w, https:\/\/www.tarracoprint.com\/wp-content\/uploads\/2026\/01\/WhatsApp-Image-2026-01-18-at-22.16.40-80x80.jpeg 80w, https:\/\/www.tarracoprint.com\/wp-content\/uploads\/2026\/01\/WhatsApp-Image-2026-01-18-at-22.16.40.jpeg 2048w\" sizes=\"(max-width: 300px) 100vw, 300px\" \/><\/a>\n\t\t\t<\/dt>\n\t\t\t\t<dd class='wp-caption-text gallery-caption' id='gallery-1-1858'>\n\t\t\t\tImpresi\u00f3n 3D en PLA negro\n\t\t\t\t<\/dd><\/dl><dl class='gallery-item'>\n\t\t\t<dt class='gallery-icon landscape'>\n\t\t\t\t<a data-elementor-open-lightbox=\"yes\" data-elementor-lightbox-slideshow=\"27c045a\" data-elementor-lightbox-title=\"Impresi\u00f3n 3D en PLA, 3 colores\" data-e-action-hash=\"#elementor-action%3Aaction%3Dlightbox%26settings%3DeyJpZCI6MTg1NywidXJsIjoiaHR0cHM6XC9cL3d3dy50YXJyYWNvcHJpbnQuY29tXC93cC1jb250ZW50XC91cGxvYWRzXC8yMDI2XC8wMVwvV2hhdHNBcHAtSW1hZ2UtMjAyNi0wMS0xOC1hdC0yMi4xNi40MC0xLmpwZWciLCJzbGlkZXNob3ciOiIyN2MwNDVhIn0%3D\" href='https:\/\/www.tarracoprint.com\/wp-content\/uploads\/2026\/01\/WhatsApp-Image-2026-01-18-at-22.16.40-1.jpeg'><img decoding=\"async\" width=\"300\" height=\"272\" src=\"https:\/\/www.tarracoprint.com\/wp-content\/uploads\/2026\/01\/WhatsApp-Image-2026-01-18-at-22.16.40-1-300x272.jpeg\" class=\"attachment-medium size-medium\" alt=\"\" aria-describedby=\"gallery-1-1857\" srcset=\"https:\/\/www.tarracoprint.com\/wp-content\/uploads\/2026\/01\/WhatsApp-Image-2026-01-18-at-22.16.40-1-300x272.jpeg 300w, https:\/\/www.tarracoprint.com\/wp-content\/uploads\/2026\/01\/WhatsApp-Image-2026-01-18-at-22.16.40-1-1024x929.jpeg 1024w, https:\/\/www.tarracoprint.com\/wp-content\/uploads\/2026\/01\/WhatsApp-Image-2026-01-18-at-22.16.40-1-768x697.jpeg 768w, https:\/\/www.tarracoprint.com\/wp-content\/uploads\/2026\/01\/WhatsApp-Image-2026-01-18-at-22.16.40-1-1536x1393.jpeg 1536w, https:\/\/www.tarracoprint.com\/wp-content\/uploads\/2026\/01\/WhatsApp-Image-2026-01-18-at-22.16.40-1.jpeg 1848w\" sizes=\"(max-width: 300px) 100vw, 300px\" \/><\/a>\n\t\t\t<\/dt>\n\t\t\t\t<dd class='wp-caption-text gallery-caption' id='gallery-1-1857'>\n\t\t\t\tImpresi\u00f3n 3D en PLA, 3 colores\n\t\t\t\t<\/dd><\/dl><dl class='gallery-item'>\n\t\t\t<dt class='gallery-icon portrait'>\n\t\t\t\t<a data-elementor-open-lightbox=\"yes\" data-elementor-lightbox-slideshow=\"27c045a\" data-elementor-lightbox-title=\"Impresi\u00f3n 3D en PLA, 3 colores8 at 22.16.39\" data-e-action-hash=\"#elementor-action%3Aaction%3Dlightbox%26settings%3DeyJpZCI6MTg1NiwidXJsIjoiaHR0cHM6XC9cL3d3dy50YXJyYWNvcHJpbnQuY29tXC93cC1jb250ZW50XC91cGxvYWRzXC8yMDI2XC8wMVwvV2hhdHNBcHAtSW1hZ2UtMjAyNi0wMS0xOC1hdC0yMi4xNi4zOS5qcGVnIiwic2xpZGVzaG93IjoiMjdjMDQ1YSJ9\" href='https:\/\/www.tarracoprint.com\/wp-content\/uploads\/2026\/01\/WhatsApp-Image-2026-01-18-at-22.16.39.jpeg'><img decoding=\"async\" width=\"278\" height=\"300\" src=\"https:\/\/www.tarracoprint.com\/wp-content\/uploads\/2026\/01\/WhatsApp-Image-2026-01-18-at-22.16.39-278x300.jpeg\" class=\"attachment-medium size-medium\" alt=\"\" aria-describedby=\"gallery-1-1856\" srcset=\"https:\/\/www.tarracoprint.com\/wp-content\/uploads\/2026\/01\/WhatsApp-Image-2026-01-18-at-22.16.39-278x300.jpeg 278w, https:\/\/www.tarracoprint.com\/wp-content\/uploads\/2026\/01\/WhatsApp-Image-2026-01-18-at-22.16.39-950x1024.jpeg 950w, https:\/\/www.tarracoprint.com\/wp-content\/uploads\/2026\/01\/WhatsApp-Image-2026-01-18-at-22.16.39-768x828.jpeg 768w, https:\/\/www.tarracoprint.com\/wp-content\/uploads\/2026\/01\/WhatsApp-Image-2026-01-18-at-22.16.39-1425x1536.jpeg 1425w, https:\/\/www.tarracoprint.com\/wp-content\/uploads\/2026\/01\/WhatsApp-Image-2026-01-18-at-22.16.39.jpeg 1848w\" sizes=\"(max-width: 278px) 100vw, 278px\" \/><\/a>\n\t\t\t<\/dt>\n\t\t\t\t<dd class='wp-caption-text gallery-caption' id='gallery-1-1856'>\n\t\t\t\tImpresi\u00f3n 3D en PLA, 3 colores\n\t\t\t\t<\/dd><\/dl><dl class='gallery-item'>\n\t\t\t<dt class='gallery-icon landscape'>\n\t\t\t\t<a data-elementor-open-lightbox=\"yes\" data-elementor-lightbox-slideshow=\"27c045a\" data-elementor-lightbox-title=\"Impresi\u00f3n 3D en PLA, 4 colores\" data-e-action-hash=\"#elementor-action%3Aaction%3Dlightbox%26settings%3DeyJpZCI6MTg1NSwidXJsIjoiaHR0cHM6XC9cL3d3dy50YXJyYWNvcHJpbnQuY29tXC93cC1jb250ZW50XC91cGxvYWRzXC8yMDI2XC8wMVwvV2hhdHNBcHAtSW1hZ2UtMjAyNi0wMS0xOC1hdC0yMi4xNi4zOS0zLmpwZWciLCJzbGlkZXNob3ciOiIyN2MwNDVhIn0%3D\" href='https:\/\/www.tarracoprint.com\/wp-content\/uploads\/2026\/01\/WhatsApp-Image-2026-01-18-at-22.16.39-3.jpeg'><img loading=\"lazy\" decoding=\"async\" width=\"300\" height=\"300\" src=\"https:\/\/www.tarracoprint.com\/wp-content\/uploads\/2026\/01\/WhatsApp-Image-2026-01-18-at-22.16.39-3-300x300.jpeg\" class=\"attachment-medium size-medium\" alt=\"\" aria-describedby=\"gallery-1-1855\" srcset=\"https:\/\/www.tarracoprint.com\/wp-content\/uploads\/2026\/01\/WhatsApp-Image-2026-01-18-at-22.16.39-3-300x300.jpeg 300w, https:\/\/www.tarracoprint.com\/wp-content\/uploads\/2026\/01\/WhatsApp-Image-2026-01-18-at-22.16.39-3-1024x1024.jpeg 1024w, https:\/\/www.tarracoprint.com\/wp-content\/uploads\/2026\/01\/WhatsApp-Image-2026-01-18-at-22.16.39-3-150x150.jpeg 150w, https:\/\/www.tarracoprint.com\/wp-content\/uploads\/2026\/01\/WhatsApp-Image-2026-01-18-at-22.16.39-3-768x768.jpeg 768w, https:\/\/www.tarracoprint.com\/wp-content\/uploads\/2026\/01\/WhatsApp-Image-2026-01-18-at-22.16.39-3-1536x1536.jpeg 1536w, https:\/\/www.tarracoprint.com\/wp-content\/uploads\/2026\/01\/WhatsApp-Image-2026-01-18-at-22.16.39-3-50x50.jpeg 50w, https:\/\/www.tarracoprint.com\/wp-content\/uploads\/2026\/01\/WhatsApp-Image-2026-01-18-at-22.16.39-3-80x80.jpeg 80w, https:\/\/www.tarracoprint.com\/wp-content\/uploads\/2026\/01\/WhatsApp-Image-2026-01-18-at-22.16.39-3.jpeg 2048w\" sizes=\"(max-width: 300px) 100vw, 300px\" \/><\/a>\n\t\t\t<\/dt>\n\t\t\t\t<dd class='wp-caption-text gallery-caption' id='gallery-1-1855'>\n\t\t\t\tImpresi\u00f3n 3D en PLA, 4 colores\n\t\t\t\t<\/dd><\/dl><dl class='gallery-item'>\n\t\t\t<dt class='gallery-icon landscape'>\n\t\t\t\t<a data-elementor-open-lightbox=\"yes\" data-elementor-lightbox-slideshow=\"27c045a\" data-elementor-lightbox-title=\"Impresi\u00f3n 3D en PLA\" data-e-action-hash=\"#elementor-action%3Aaction%3Dlightbox%26settings%3DeyJpZCI6MTg1NCwidXJsIjoiaHR0cHM6XC9cL3d3dy50YXJyYWNvcHJpbnQuY29tXC93cC1jb250ZW50XC91cGxvYWRzXC8yMDI2XC8wMVwvV2hhdHNBcHAtSW1hZ2UtMjAyNi0wMS0xOC1hdC0yMi4xNi4zOS0yLmpwZWciLCJzbGlkZXNob3ciOiIyN2MwNDVhIn0%3D\" href='https:\/\/www.tarracoprint.com\/wp-content\/uploads\/2026\/01\/WhatsApp-Image-2026-01-18-at-22.16.39-2.jpeg'><img loading=\"lazy\" decoding=\"async\" width=\"300\" height=\"300\" src=\"https:\/\/www.tarracoprint.com\/wp-content\/uploads\/2026\/01\/WhatsApp-Image-2026-01-18-at-22.16.39-2-300x300.jpeg\" class=\"attachment-medium size-medium\" alt=\"\" aria-describedby=\"gallery-1-1854\" srcset=\"https:\/\/www.tarracoprint.com\/wp-content\/uploads\/2026\/01\/WhatsApp-Image-2026-01-18-at-22.16.39-2-300x300.jpeg 300w, https:\/\/www.tarracoprint.com\/wp-content\/uploads\/2026\/01\/WhatsApp-Image-2026-01-18-at-22.16.39-2-1024x1024.jpeg 1024w, https:\/\/www.tarracoprint.com\/wp-content\/uploads\/2026\/01\/WhatsApp-Image-2026-01-18-at-22.16.39-2-150x150.jpeg 150w, https:\/\/www.tarracoprint.com\/wp-content\/uploads\/2026\/01\/WhatsApp-Image-2026-01-18-at-22.16.39-2-768x768.jpeg 768w, https:\/\/www.tarracoprint.com\/wp-content\/uploads\/2026\/01\/WhatsApp-Image-2026-01-18-at-22.16.39-2-1536x1536.jpeg 1536w, https:\/\/www.tarracoprint.com\/wp-content\/uploads\/2026\/01\/WhatsApp-Image-2026-01-18-at-22.16.39-2-50x50.jpeg 50w, https:\/\/www.tarracoprint.com\/wp-content\/uploads\/2026\/01\/WhatsApp-Image-2026-01-18-at-22.16.39-2-80x80.jpeg 80w, https:\/\/www.tarracoprint.com\/wp-content\/uploads\/2026\/01\/WhatsApp-Image-2026-01-18-at-22.16.39-2.jpeg 2048w\" sizes=\"(max-width: 300px) 100vw, 300px\" \/><\/a>\n\t\t\t<\/dt>\n\t\t\t\t<dd class='wp-caption-text gallery-caption' id='gallery-1-1854'>\n\t\t\t\tImpresi\u00f3n 3D en PLA\n\t\t\t\t<\/dd><\/dl><dl class='gallery-item'>\n\t\t\t<dt class='gallery-icon landscape'>\n\t\t\t\t<a data-elementor-open-lightbox=\"yes\" data-elementor-lightbox-slideshow=\"27c045a\" data-elementor-lightbox-title=\"WhatsApp Image 2026-01-18 at 22.16.39 (1)\" data-e-action-hash=\"#elementor-action%3Aaction%3Dlightbox%26settings%3DeyJpZCI6MTg1MiwidXJsIjoiaHR0cHM6XC9cL3d3dy50YXJyYWNvcHJpbnQuY29tXC93cC1jb250ZW50XC91cGxvYWRzXC8yMDI2XC8wMVwvV2hhdHNBcHAtSW1hZ2UtMjAyNi0wMS0xOC1hdC0yMi4xNi4zOS0xLmpwZWciLCJzbGlkZXNob3ciOiIyN2MwNDVhIn0%3D\" href='https:\/\/www.tarracoprint.com\/wp-content\/uploads\/2026\/01\/WhatsApp-Image-2026-01-18-at-22.16.39-1.jpeg'><img loading=\"lazy\" decoding=\"async\" width=\"300\" height=\"300\" src=\"https:\/\/www.tarracoprint.com\/wp-content\/uploads\/2026\/01\/WhatsApp-Image-2026-01-18-at-22.16.39-1-300x300.jpeg\" class=\"attachment-medium size-medium\" alt=\"\" srcset=\"https:\/\/www.tarracoprint.com\/wp-content\/uploads\/2026\/01\/WhatsApp-Image-2026-01-18-at-22.16.39-1-300x300.jpeg 300w, https:\/\/www.tarracoprint.com\/wp-content\/uploads\/2026\/01\/WhatsApp-Image-2026-01-18-at-22.16.39-1-1024x1024.jpeg 1024w, https:\/\/www.tarracoprint.com\/wp-content\/uploads\/2026\/01\/WhatsApp-Image-2026-01-18-at-22.16.39-1-150x150.jpeg 150w, https:\/\/www.tarracoprint.com\/wp-content\/uploads\/2026\/01\/WhatsApp-Image-2026-01-18-at-22.16.39-1-768x768.jpeg 768w, https:\/\/www.tarracoprint.com\/wp-content\/uploads\/2026\/01\/WhatsApp-Image-2026-01-18-at-22.16.39-1-1536x1536.jpeg 1536w, https:\/\/www.tarracoprint.com\/wp-content\/uploads\/2026\/01\/WhatsApp-Image-2026-01-18-at-22.16.39-1-50x50.jpeg 50w, https:\/\/www.tarracoprint.com\/wp-content\/uploads\/2026\/01\/WhatsApp-Image-2026-01-18-at-22.16.39-1-80x80.jpeg 80w, https:\/\/www.tarracoprint.com\/wp-content\/uploads\/2026\/01\/WhatsApp-Image-2026-01-18-at-22.16.39-1.jpeg 2048w\" sizes=\"(max-width: 300px) 100vw, 300px\" \/><\/a>\n\t\t\t<\/dt><\/dl><br style=\"clear: both\" \/><dl class='gallery-item'>\n\t\t\t<dt class='gallery-icon landscape'>\n\t\t\t\t<a data-elementor-open-lightbox=\"yes\" data-elementor-lightbox-slideshow=\"27c045a\" data-elementor-lightbox-title=\"Impresi\u00f3n 3D en PLA, 3 colores\" data-e-action-hash=\"#elementor-action%3Aaction%3Dlightbox%26settings%3DeyJpZCI6MTg1MSwidXJsIjoiaHR0cHM6XC9cL3d3dy50YXJyYWNvcHJpbnQuY29tXC93cC1jb250ZW50XC91cGxvYWRzXC8yMDI2XC8wMVwvV2hhdHNBcHAtSW1hZ2UtMjAyNi0wMS0xOC1hdC0yMi4xNi4zOC5qcGVnIiwic2xpZGVzaG93IjoiMjdjMDQ1YSJ9\" href='https:\/\/www.tarracoprint.com\/wp-content\/uploads\/2026\/01\/WhatsApp-Image-2026-01-18-at-22.16.38.jpeg'><img loading=\"lazy\" decoding=\"async\" width=\"300\" height=\"285\" src=\"https:\/\/www.tarracoprint.com\/wp-content\/uploads\/2026\/01\/WhatsApp-Image-2026-01-18-at-22.16.38-300x285.jpeg\" class=\"attachment-medium size-medium\" alt=\"\" aria-describedby=\"gallery-1-1851\" srcset=\"https:\/\/www.tarracoprint.com\/wp-content\/uploads\/2026\/01\/WhatsApp-Image-2026-01-18-at-22.16.38-300x285.jpeg 300w, https:\/\/www.tarracoprint.com\/wp-content\/uploads\/2026\/01\/WhatsApp-Image-2026-01-18-at-22.16.38-1024x973.jpeg 1024w, https:\/\/www.tarracoprint.com\/wp-content\/uploads\/2026\/01\/WhatsApp-Image-2026-01-18-at-22.16.38-768x730.jpeg 768w, https:\/\/www.tarracoprint.com\/wp-content\/uploads\/2026\/01\/WhatsApp-Image-2026-01-18-at-22.16.38-1536x1460.jpeg 1536w, https:\/\/www.tarracoprint.com\/wp-content\/uploads\/2026\/01\/WhatsApp-Image-2026-01-18-at-22.16.38.jpeg 1848w\" sizes=\"(max-width: 300px) 100vw, 300px\" \/><\/a>\n\t\t\t<\/dt>\n\t\t\t\t<dd class='wp-caption-text gallery-caption' id='gallery-1-1851'>\n\t\t\t\tImpresi\u00f3n 3D en PLA, 3 colores\n\t\t\t\t<\/dd><\/dl><dl class='gallery-item'>\n\t\t\t<dt class='gallery-icon landscape'>\n\t\t\t\t<a data-elementor-open-lightbox=\"yes\" data-elementor-lightbox-slideshow=\"27c045a\" data-elementor-lightbox-title=\"Impresi\u00f3n 3D en PLA\" data-e-action-hash=\"#elementor-action%3Aaction%3Dlightbox%26settings%3DeyJpZCI6MTg1MCwidXJsIjoiaHR0cHM6XC9cL3d3dy50YXJyYWNvcHJpbnQuY29tXC93cC1jb250ZW50XC91cGxvYWRzXC8yMDI2XC8wMVwvV2hhdHNBcHAtSW1hZ2UtMjAyNi0wMS0xOC1hdC0yMi4xNi4zOC0zLmpwZWciLCJzbGlkZXNob3ciOiIyN2MwNDVhIn0%3D\" href='https:\/\/www.tarracoprint.com\/wp-content\/uploads\/2026\/01\/WhatsApp-Image-2026-01-18-at-22.16.38-3.jpeg'><img loading=\"lazy\" decoding=\"async\" width=\"300\" height=\"300\" src=\"https:\/\/www.tarracoprint.com\/wp-content\/uploads\/2026\/01\/WhatsApp-Image-2026-01-18-at-22.16.38-3-300x300.jpeg\" class=\"attachment-medium size-medium\" alt=\"\" aria-describedby=\"gallery-1-1850\" srcset=\"https:\/\/www.tarracoprint.com\/wp-content\/uploads\/2026\/01\/WhatsApp-Image-2026-01-18-at-22.16.38-3-300x300.jpeg 300w, https:\/\/www.tarracoprint.com\/wp-content\/uploads\/2026\/01\/WhatsApp-Image-2026-01-18-at-22.16.38-3-1024x1024.jpeg 1024w, https:\/\/www.tarracoprint.com\/wp-content\/uploads\/2026\/01\/WhatsApp-Image-2026-01-18-at-22.16.38-3-150x150.jpeg 150w, https:\/\/www.tarracoprint.com\/wp-content\/uploads\/2026\/01\/WhatsApp-Image-2026-01-18-at-22.16.38-3-768x768.jpeg 768w, https:\/\/www.tarracoprint.com\/wp-content\/uploads\/2026\/01\/WhatsApp-Image-2026-01-18-at-22.16.38-3-1536x1536.jpeg 1536w, https:\/\/www.tarracoprint.com\/wp-content\/uploads\/2026\/01\/WhatsApp-Image-2026-01-18-at-22.16.38-3-50x50.jpeg 50w, https:\/\/www.tarracoprint.com\/wp-content\/uploads\/2026\/01\/WhatsApp-Image-2026-01-18-at-22.16.38-3-80x80.jpeg 80w, https:\/\/www.tarracoprint.com\/wp-content\/uploads\/2026\/01\/WhatsApp-Image-2026-01-18-at-22.16.38-3.jpeg 2048w\" sizes=\"(max-width: 300px) 100vw, 300px\" \/><\/a>\n\t\t\t<\/dt>\n\t\t\t\t<dd class='wp-caption-text gallery-caption' id='gallery-1-1850'>\n\t\t\t\tImpresi\u00f3n 3D en PLA\n\t\t\t\t<\/dd><\/dl><dl class='gallery-item'>\n\t\t\t<dt class='gallery-icon landscape'>\n\t\t\t\t<a data-elementor-open-lightbox=\"yes\" data-elementor-lightbox-slideshow=\"27c045a\" data-elementor-lightbox-title=\"Impresi\u00f3n 3D en PLA, 4 colores\" data-e-action-hash=\"#elementor-action%3Aaction%3Dlightbox%26settings%3DeyJpZCI6MTg0OSwidXJsIjoiaHR0cHM6XC9cL3d3dy50YXJyYWNvcHJpbnQuY29tXC93cC1jb250ZW50XC91cGxvYWRzXC8yMDI2XC8wMVwvV2hhdHNBcHAtSW1hZ2UtMjAyNi0wMS0xOC1hdC0yMi4xNi4zOC0yLmpwZWciLCJzbGlkZXNob3ciOiIyN2MwNDVhIn0%3D\" href='https:\/\/www.tarracoprint.com\/wp-content\/uploads\/2026\/01\/WhatsApp-Image-2026-01-18-at-22.16.38-2.jpeg'><img loading=\"lazy\" decoding=\"async\" width=\"300\" height=\"300\" src=\"https:\/\/www.tarracoprint.com\/wp-content\/uploads\/2026\/01\/WhatsApp-Image-2026-01-18-at-22.16.38-2-300x300.jpeg\" class=\"attachment-medium size-medium\" alt=\"\" aria-describedby=\"gallery-1-1849\" srcset=\"https:\/\/www.tarracoprint.com\/wp-content\/uploads\/2026\/01\/WhatsApp-Image-2026-01-18-at-22.16.38-2-300x300.jpeg 300w, https:\/\/www.tarracoprint.com\/wp-content\/uploads\/2026\/01\/WhatsApp-Image-2026-01-18-at-22.16.38-2-1024x1024.jpeg 1024w, https:\/\/www.tarracoprint.com\/wp-content\/uploads\/2026\/01\/WhatsApp-Image-2026-01-18-at-22.16.38-2-150x150.jpeg 150w, https:\/\/www.tarracoprint.com\/wp-content\/uploads\/2026\/01\/WhatsApp-Image-2026-01-18-at-22.16.38-2-768x768.jpeg 768w, https:\/\/www.tarracoprint.com\/wp-content\/uploads\/2026\/01\/WhatsApp-Image-2026-01-18-at-22.16.38-2-1536x1536.jpeg 1536w, https:\/\/www.tarracoprint.com\/wp-content\/uploads\/2026\/01\/WhatsApp-Image-2026-01-18-at-22.16.38-2-50x50.jpeg 50w, https:\/\/www.tarracoprint.com\/wp-content\/uploads\/2026\/01\/WhatsApp-Image-2026-01-18-at-22.16.38-2-80x80.jpeg 80w, https:\/\/www.tarracoprint.com\/wp-content\/uploads\/2026\/01\/WhatsApp-Image-2026-01-18-at-22.16.38-2.jpeg 2048w\" sizes=\"(max-width: 300px) 100vw, 300px\" \/><\/a>\n\t\t\t<\/dt>\n\t\t\t\t<dd class='wp-caption-text gallery-caption' id='gallery-1-1849'>\n\t\t\t\tImpresi\u00f3n 3D en PLA, 4 colores\n\t\t\t\t<\/dd><\/dl><dl class='gallery-item'>\n\t\t\t<dt class='gallery-icon landscape'>\n\t\t\t\t<a data-elementor-open-lightbox=\"yes\" data-elementor-lightbox-slideshow=\"27c045a\" data-elementor-lightbox-title=\"Impresi\u00f3n 3D en PLA\" data-e-action-hash=\"#elementor-action%3Aaction%3Dlightbox%26settings%3DeyJpZCI6MTg0OCwidXJsIjoiaHR0cHM6XC9cL3d3dy50YXJyYWNvcHJpbnQuY29tXC93cC1jb250ZW50XC91cGxvYWRzXC8yMDI2XC8wMVwvV2hhdHNBcHAtSW1hZ2UtMjAyNi0wMS0xOC1hdC0yMi4xNi4zOC0xLmpwZWciLCJzbGlkZXNob3ciOiIyN2MwNDVhIn0%3D\" href='https:\/\/www.tarracoprint.com\/wp-content\/uploads\/2026\/01\/WhatsApp-Image-2026-01-18-at-22.16.38-1.jpeg'><img loading=\"lazy\" decoding=\"async\" width=\"300\" height=\"300\" src=\"https:\/\/www.tarracoprint.com\/wp-content\/uploads\/2026\/01\/WhatsApp-Image-2026-01-18-at-22.16.38-1-300x300.jpeg\" class=\"attachment-medium size-medium\" alt=\"\" aria-describedby=\"gallery-1-1848\" srcset=\"https:\/\/www.tarracoprint.com\/wp-content\/uploads\/2026\/01\/WhatsApp-Image-2026-01-18-at-22.16.38-1-300x300.jpeg 300w, https:\/\/www.tarracoprint.com\/wp-content\/uploads\/2026\/01\/WhatsApp-Image-2026-01-18-at-22.16.38-1-1024x1024.jpeg 1024w, https:\/\/www.tarracoprint.com\/wp-content\/uploads\/2026\/01\/WhatsApp-Image-2026-01-18-at-22.16.38-1-150x150.jpeg 150w, https:\/\/www.tarracoprint.com\/wp-content\/uploads\/2026\/01\/WhatsApp-Image-2026-01-18-at-22.16.38-1-768x768.jpeg 768w, https:\/\/www.tarracoprint.com\/wp-content\/uploads\/2026\/01\/WhatsApp-Image-2026-01-18-at-22.16.38-1-1536x1536.jpeg 1536w, https:\/\/www.tarracoprint.com\/wp-content\/uploads\/2026\/01\/WhatsApp-Image-2026-01-18-at-22.16.38-1-50x50.jpeg 50w, https:\/\/www.tarracoprint.com\/wp-content\/uploads\/2026\/01\/WhatsApp-Image-2026-01-18-at-22.16.38-1-80x80.jpeg 80w, https:\/\/www.tarracoprint.com\/wp-content\/uploads\/2026\/01\/WhatsApp-Image-2026-01-18-at-22.16.38-1.jpeg 2048w\" sizes=\"(max-width: 300px) 100vw, 300px\" \/><\/a>\n\t\t\t<\/dt>\n\t\t\t\t<dd class='wp-caption-text gallery-caption' id='gallery-1-1848'>\n\t\t\t\tImpresi\u00f3n 3D en PLA\n\t\t\t\t<\/dd><\/dl>\n\t\t\t<br style='clear: both' \/>\n\t\t<\/div>\n\t\t<\/div>\n\t\t\t\t\t\t<\/div>\n\t\t\t\t<\/div>\n\t\t\t\t\t<\/div>\n\t\t\t\t<\/div>\n\t\t\t\t<\/div>\n\t\t","protected":false},"excerpt":{"rendered":"<p>Algunas muestras de trabajos en 3D Impresi\u00f3n 3D en PLA negro Impresi\u00f3n 3D en PLA, 3 colores Impresi\u00f3n 3D en PLA, 3 colores Impresi\u00f3n 3D en PLA, 4 colores Impresi\u00f3n 3D en PLA Impresi\u00f3n 3D en PLA, 3 colores Impresi\u00f3n 3D en PLA Impresi\u00f3n 3D en PLA, 4 colores Impresi\u00f3n 3D en PLA<\/p>\n","protected":false},"author":8,"featured_media":0,"parent":0,"menu_order":0,"comment_status":"closed","ping_status":"closed","template":"","meta":{"footnotes":""},"class_list":["post-801","page","type-page","status-publish","hentry"],"_links":{"self":[{"href":"https:\/\/www.tarracoprint.com\/index.php?rest_route=\/wp\/v2\/pages\/801","targetHints":{"allow":["GET"]}}],"collection":[{"href":"https:\/\/www.tarracoprint.com\/index.php?rest_route=\/wp\/v2\/pages"}],"about":[{"href":"https:\/\/www.tarracoprint.com\/index.php?rest_route=\/wp\/v2\/types\/page"}],"author":[{"embeddable":true,"href":"https:\/\/www.tarracoprint.com\/index.php?rest_route=\/wp\/v2\/users\/8"}],"replies":[{"embeddable":true,"href":"https:\/\/www.tarracoprint.com\/index.php?rest_route=%2Fwp%2Fv2%2Fcomments&post=801"}],"version-history":[{"count":84,"href":"https:\/\/www.tarracoprint.com\/index.php?rest_route=\/wp\/v2\/pages\/801\/revisions"}],"predecessor-version":[{"id":1927,"href":"https:\/\/www.tarracoprint.com\/index.php?rest_route=\/wp\/v2\/pages\/801\/revisions\/1927"}],"wp:attachment":[{"href":"https:\/\/www.tarracoprint.com\/index.php?rest_route=%2Fwp%2Fv2%2Fmedia&parent=801"}],"curies":[{"name":"wp","href":"https:\/\/api.w.org\/{rel}","templated":true}]}}