{"id":309,"date":"2014-06-15T22:02:30","date_gmt":"2014-06-15T21:02:30","guid":{"rendered":"https:\/\/www.tarracoprint.com\/?page_id=309"},"modified":"2020-05-13T14:15:42","modified_gmt":"2020-05-13T13:15:42","slug":"trabajos-recientes","status":"publish","type":"page","link":"https:\/\/www.tarracoprint.com\/?page_id=309","title":{"rendered":"Trabajos recientes"},"content":{"rendered":"\t\t<div data-elementor-type=\"wp-page\" data-elementor-id=\"309\" class=\"elementor elementor-309\" data-elementor-post-type=\"page\">\n\t\t\t\t\t\t<section class=\"elementor-section elementor-top-section elementor-element elementor-element-86268ec elementor-section-stretched elementor-section-boxed elementor-section-height-default elementor-section-height-default\" data-id=\"86268ec\" data-element_type=\"section\" data-settings=\"{&quot;stretch_section&quot;:&quot;section-stretched&quot;}\">\n\t\t\t\t\t\t<div class=\"elementor-container elementor-column-gap-default\">\n\t\t\t\t\t<div class=\"elementor-column elementor-col-100 elementor-top-column elementor-element elementor-element-156e8b4\" data-id=\"156e8b4\" data-element_type=\"column\">\n\t\t\t<div class=\"elementor-widget-wrap elementor-element-populated\">\n\t\t\t\t\t\t<div class=\"elementor-element elementor-element-33c3778 elementor-widget elementor-widget-heading\" data-id=\"33c3778\" data-element_type=\"widget\" data-widget_type=\"heading.default\">\n\t\t\t\t<div class=\"elementor-widget-container\">\n\t\t\t\t\t<h2 class=\"elementor-heading-title elementor-size-default\">Selecci\u00f3n de trabajos 2020<\/h2>\t\t\t\t<\/div>\n\t\t\t\t<\/div>\n\t\t\t\t\t<\/div>\n\t\t<\/div>\n\t\t\t\t\t<\/div>\n\t\t<\/section>\n\t\t\t\t<section class=\"elementor-section elementor-top-section elementor-element elementor-element-b3e2a13 elementor-section-stretched elementor-section-boxed elementor-section-height-default elementor-section-height-default\" data-id=\"b3e2a13\" data-element_type=\"section\" data-settings=\"{&quot;stretch_section&quot;:&quot;section-stretched&quot;}\">\n\t\t\t\t\t\t<div class=\"elementor-container elementor-column-gap-default\">\n\t\t\t\t\t<div class=\"elementor-column elementor-col-100 elementor-top-column elementor-element elementor-element-ed84d88\" data-id=\"ed84d88\" data-element_type=\"column\">\n\t\t\t<div class=\"elementor-widget-wrap elementor-element-populated\">\n\t\t\t\t\t\t<div class=\"elementor-element elementor-element-9d1e827 elementor-widget elementor-widget-heading\" data-id=\"9d1e827\" data-element_type=\"widget\" data-widget_type=\"heading.default\">\n\t\t\t\t<div class=\"elementor-widget-container\">\n\t\t\t\t\t<h2 class=\"elementor-heading-title elementor-size-medium\">Impresi\u00f3n e instalaci\u00f3n de vinilos en local de Creixell<\/h2>\t\t\t\t<\/div>\n\t\t\t\t<\/div>\n\t\t\t\t\t<\/div>\n\t\t<\/div>\n\t\t\t\t\t<\/div>\n\t\t<\/section>\n\t\t\t\t<section class=\"elementor-section elementor-top-section elementor-element elementor-element-29e8df6 elementor-section-stretched elementor-section-boxed elementor-section-height-default elementor-section-height-default\" data-id=\"29e8df6\" data-element_type=\"section\" data-settings=\"{&quot;stretch_section&quot;:&quot;section-stretched&quot;}\">\n\t\t\t\t\t\t<div class=\"elementor-container elementor-column-gap-default\">\n\t\t\t\t\t<div class=\"elementor-column elementor-col-33 elementor-top-column elementor-element elementor-element-214aef1\" data-id=\"214aef1\" data-element_type=\"column\">\n\t\t\t<div class=\"elementor-widget-wrap\">\n\t\t\t\t\t\t\t<\/div>\n\t\t<\/div>\n\t\t\t\t<div class=\"elementor-column elementor-col-33 elementor-top-column elementor-element elementor-element-88b3259\" data-id=\"88b3259\" data-element_type=\"column\">\n\t\t\t<div class=\"elementor-widget-wrap elementor-element-populated\">\n\t\t\t\t\t\t<div class=\"elementor-element elementor-element-09ae1d4 gallery-spacing-custom elementor-widget elementor-widget-image-gallery\" data-id=\"09ae1d4\" data-element_type=\"widget\" data-widget_type=\"image-gallery.default\">\n\t\t\t\t<div class=\"elementor-widget-container\">\n\t\t\t\t\t\t\t<div class=\"elementor-image-gallery\">\n\t\t\t\n\t\t<style type=\"text\/css\">\n\t\t\t#gallery-1 {\n\t\t\t\tmargin: auto;\n\t\t\t}\n\t\t\t#gallery-1 .gallery-item {\n\t\t\t\tfloat: left;\n\t\t\t\tmargin-top: 10px;\n\t\t\t\ttext-align: center;\n\t\t\t\twidth: 16%;\n\t\t\t}\n\t\t\t#gallery-1 img {\n\t\t\t\tborder: 2px solid #cfcfcf;\n\t\t\t}\n\t\t\t#gallery-1 .gallery-caption {\n\t\t\t\tmargin-left: 0;\n\t\t\t}\n\t\t\t\/* see gallery_shortcode() in wp-includes\/media.php *\/\n\t\t<\/style>\n\t\t<div id='gallery-1' class='gallery galleryid-309 gallery-columns-6 gallery-size-thumbnail'><dl class='gallery-item'>\n\t\t\t<dt class='gallery-icon landscape'>\n\t\t\t\t<a data-elementor-open-lightbox=\"yes\" data-elementor-lightbox-slideshow=\"09ae1d4\" data-elementor-lightbox-title=\"fase_6\" data-e-action-hash=\"#elementor-action%3Aaction%3Dlightbox%26settings%3DeyJpZCI6MTAwOCwidXJsIjoiaHR0cHM6XC9cL3d3dy50YXJyYWNvcHJpbnQuY29tXC93cC1jb250ZW50XC91cGxvYWRzXC8yMDIwXC8wNVwvZmFzZV82LmpwZyIsInNsaWRlc2hvdyI6IjA5YWUxZDQifQ%3D%3D\" href='https:\/\/www.tarracoprint.com\/wp-content\/uploads\/2020\/05\/fase_6.jpg'><img decoding=\"async\" width=\"150\" height=\"150\" src=\"https:\/\/www.tarracoprint.com\/wp-content\/uploads\/2020\/05\/fase_6-150x150.jpg\" class=\"attachment-thumbnail size-thumbnail\" alt=\"\" aria-describedby=\"gallery-1-1008\" srcset=\"https:\/\/www.tarracoprint.com\/wp-content\/uploads\/2020\/05\/fase_6-150x150.jpg 150w, https:\/\/www.tarracoprint.com\/wp-content\/uploads\/2020\/05\/fase_6-50x50.jpg 50w, https:\/\/www.tarracoprint.com\/wp-content\/uploads\/2020\/05\/fase_6-80x80.jpg 80w\" sizes=\"(max-width: 150px) 100vw, 150px\" \/><\/a>\n\t\t\t<\/dt>\n\t\t\t\t<dd class='wp-caption-text gallery-caption' id='gallery-1-1008'>\n\t\t\t\tMercasol\n\t\t\t\t<\/dd><\/dl><dl class='gallery-item'>\n\t\t\t<dt class='gallery-icon portrait'>\n\t\t\t\t<a data-elementor-open-lightbox=\"yes\" data-elementor-lightbox-slideshow=\"09ae1d4\" data-elementor-lightbox-title=\"fase_5\" data-e-action-hash=\"#elementor-action%3Aaction%3Dlightbox%26settings%3DeyJpZCI6MTAwOSwidXJsIjoiaHR0cHM6XC9cL3d3dy50YXJyYWNvcHJpbnQuY29tXC93cC1jb250ZW50XC91cGxvYWRzXC8yMDIwXC8wNVwvZmFzZV81LmpwZyIsInNsaWRlc2hvdyI6IjA5YWUxZDQifQ%3D%3D\" href='https:\/\/www.tarracoprint.com\/wp-content\/uploads\/2020\/05\/fase_5.jpg'><img decoding=\"async\" width=\"150\" height=\"150\" src=\"https:\/\/www.tarracoprint.com\/wp-content\/uploads\/2020\/05\/fase_5-150x150.jpg\" class=\"attachment-thumbnail size-thumbnail\" alt=\"\" aria-describedby=\"gallery-1-1009\" srcset=\"https:\/\/www.tarracoprint.com\/wp-content\/uploads\/2020\/05\/fase_5-150x150.jpg 150w, https:\/\/www.tarracoprint.com\/wp-content\/uploads\/2020\/05\/fase_5-50x50.jpg 50w, https:\/\/www.tarracoprint.com\/wp-content\/uploads\/2020\/05\/fase_5-80x80.jpg 80w\" sizes=\"(max-width: 150px) 100vw, 150px\" \/><\/a>\n\t\t\t<\/dt>\n\t\t\t\t<dd class='wp-caption-text gallery-caption' id='gallery-1-1009'>\n\t\t\t\tMercasol\n\t\t\t\t<\/dd><\/dl>\n\t\t\t<br style='clear: both' \/>\n\t\t<\/div>\n\t\t<\/div>\n\t\t\t\t\t\t<\/div>\n\t\t\t\t<\/div>\n\t\t\t\t\t<\/div>\n\t\t<\/div>\n\t\t\t\t<div class=\"elementor-column elementor-col-33 elementor-top-column elementor-element elementor-element-dc896ee\" data-id=\"dc896ee\" data-element_type=\"column\">\n\t\t\t<div class=\"elementor-widget-wrap\">\n\t\t\t\t\t\t\t<\/div>\n\t\t<\/div>\n\t\t\t\t\t<\/div>\n\t\t<\/section>\n\t\t\t\t<section class=\"elementor-section elementor-top-section elementor-element elementor-element-4fdbfdb elementor-section-stretched elementor-section-boxed elementor-section-height-default elementor-section-height-default\" data-id=\"4fdbfdb\" data-element_type=\"section\" data-settings=\"{&quot;stretch_section&quot;:&quot;section-stretched&quot;}\">\n\t\t\t\t\t\t<div class=\"elementor-container elementor-column-gap-default\">\n\t\t\t\t\t<div class=\"elementor-column elementor-col-100 elementor-top-column elementor-element elementor-element-2eace68\" data-id=\"2eace68\" data-element_type=\"column\">\n\t\t\t<div class=\"elementor-widget-wrap elementor-element-populated\">\n\t\t\t\t\t\t<div class=\"elementor-element elementor-element-bd64941 elementor-widget elementor-widget-heading\" data-id=\"bd64941\" data-element_type=\"widget\" data-widget_type=\"heading.default\">\n\t\t\t\t<div class=\"elementor-widget-container\">\n\t\t\t\t\t<h2 class=\"elementor-heading-title elementor-size-medium\">Trabajos de Rotulaci\u00f3n realizados en Tarragona<\/h2>\t\t\t\t<\/div>\n\t\t\t\t<\/div>\n\t\t\t\t\t<\/div>\n\t\t<\/div>\n\t\t\t\t\t<\/div>\n\t\t<\/section>\n\t\t\t\t<section class=\"elementor-section elementor-top-section elementor-element elementor-element-17d5e2d elementor-section-stretched elementor-section-boxed elementor-section-height-default elementor-section-height-default\" data-id=\"17d5e2d\" data-element_type=\"section\" data-settings=\"{&quot;stretch_section&quot;:&quot;section-stretched&quot;}\">\n\t\t\t\t\t\t<div class=\"elementor-container elementor-column-gap-default\">\n\t\t\t\t\t<div class=\"elementor-column elementor-col-33 elementor-top-column elementor-element elementor-element-2914670\" data-id=\"2914670\" data-element_type=\"column\">\n\t\t\t<div class=\"elementor-widget-wrap\">\n\t\t\t\t\t\t\t<\/div>\n\t\t<\/div>\n\t\t\t\t<div class=\"elementor-column elementor-col-33 elementor-top-column elementor-element elementor-element-82c7ab4\" data-id=\"82c7ab4\" data-element_type=\"column\">\n\t\t\t<div class=\"elementor-widget-wrap elementor-element-populated\">\n\t\t\t\t\t\t<div class=\"elementor-element elementor-element-e1d10ef elementor-widget elementor-widget-image-gallery\" data-id=\"e1d10ef\" data-element_type=\"widget\" data-widget_type=\"image-gallery.default\">\n\t\t\t\t<div class=\"elementor-widget-container\">\n\t\t\t\t\t\t\t<div class=\"elementor-image-gallery\">\n\t\t\t\n\t\t<style type=\"text\/css\">\n\t\t\t#gallery-2 {\n\t\t\t\tmargin: auto;\n\t\t\t}\n\t\t\t#gallery-2 .gallery-item {\n\t\t\t\tfloat: left;\n\t\t\t\tmargin-top: 10px;\n\t\t\t\ttext-align: center;\n\t\t\t\twidth: 16%;\n\t\t\t}\n\t\t\t#gallery-2 img {\n\t\t\t\tborder: 2px solid #cfcfcf;\n\t\t\t}\n\t\t\t#gallery-2 .gallery-caption {\n\t\t\t\tmargin-left: 0;\n\t\t\t}\n\t\t\t\/* see gallery_shortcode() in wp-includes\/media.php *\/\n\t\t<\/style>\n\t\t<div id='gallery-2' class='gallery galleryid-309 gallery-columns-6 gallery-size-thumbnail'><dl class='gallery-item'>\n\t\t\t<dt class='gallery-icon portrait'>\n\t\t\t\t<a data-elementor-open-lightbox=\"yes\" data-elementor-lightbox-slideshow=\"e1d10ef\" data-elementor-lightbox-title=\"escape_bur\" data-e-action-hash=\"#elementor-action%3Aaction%3Dlightbox%26settings%3DeyJpZCI6MTEwOCwidXJsIjoiaHR0cHM6XC9cL3d3dy50YXJyYWNvcHJpbnQuY29tXC93cC1jb250ZW50XC91cGxvYWRzXC8yMDIwXC8wNVwvZXNjYXBlX2J1ci5wbmciLCJzbGlkZXNob3ciOiJlMWQxMGVmIn0%3D\" href='https:\/\/www.tarracoprint.com\/wp-content\/uploads\/2020\/05\/escape_bur.png'><img decoding=\"async\" width=\"150\" height=\"150\" src=\"https:\/\/www.tarracoprint.com\/wp-content\/uploads\/2020\/05\/escape_bur-150x150.png\" class=\"attachment-thumbnail size-thumbnail\" alt=\"\" aria-describedby=\"gallery-2-1108\" srcset=\"https:\/\/www.tarracoprint.com\/wp-content\/uploads\/2020\/05\/escape_bur-150x150.png 150w, https:\/\/www.tarracoprint.com\/wp-content\/uploads\/2020\/05\/escape_bur-50x50.png 50w, https:\/\/www.tarracoprint.com\/wp-content\/uploads\/2020\/05\/escape_bur-80x80.png 80w\" sizes=\"(max-width: 150px) 100vw, 150px\" \/><\/a>\n\t\t\t<\/dt>\n\t\t\t\t<dd class='wp-caption-text gallery-caption' id='gallery-2-1108'>\n\t\t\t\tEscape Burger\n\t\t\t\t<\/dd><\/dl><dl class='gallery-item'>\n\t\t\t<dt class='gallery-icon landscape'>\n\t\t\t\t<a data-elementor-open-lightbox=\"yes\" data-elementor-lightbox-slideshow=\"e1d10ef\" data-elementor-lightbox-title=\"Giber_1\" data-e-action-hash=\"#elementor-action%3Aaction%3Dlightbox%26settings%3DeyJpZCI6MTEwOSwidXJsIjoiaHR0cHM6XC9cL3d3dy50YXJyYWNvcHJpbnQuY29tXC93cC1jb250ZW50XC91cGxvYWRzXC8yMDIwXC8wNVwvR2liZXJfMS5wbmciLCJzbGlkZXNob3ciOiJlMWQxMGVmIn0%3D\" href='https:\/\/www.tarracoprint.com\/wp-content\/uploads\/2020\/05\/Giber_1.png'><img loading=\"lazy\" decoding=\"async\" width=\"150\" height=\"150\" src=\"https:\/\/www.tarracoprint.com\/wp-content\/uploads\/2020\/05\/Giber_1-150x150.png\" class=\"attachment-thumbnail size-thumbnail\" alt=\"\" aria-describedby=\"gallery-2-1109\" srcset=\"https:\/\/www.tarracoprint.com\/wp-content\/uploads\/2020\/05\/Giber_1-150x150.png 150w, https:\/\/www.tarracoprint.com\/wp-content\/uploads\/2020\/05\/Giber_1-50x50.png 50w, https:\/\/www.tarracoprint.com\/wp-content\/uploads\/2020\/05\/Giber_1-80x80.png 80w\" sizes=\"(max-width: 150px) 100vw, 150px\" \/><\/a>\n\t\t\t<\/dt>\n\t\t\t\t<dd class='wp-caption-text gallery-caption' id='gallery-2-1109'>\n\t\t\t\tMobles Gibert\n\t\t\t\t<\/dd><\/dl><dl class='gallery-item'>\n\t\t\t<dt class='gallery-icon landscape'>\n\t\t\t\t<a data-elementor-open-lightbox=\"yes\" data-elementor-lightbox-slideshow=\"e1d10ef\" data-elementor-lightbox-title=\"Gibert_2\" data-e-action-hash=\"#elementor-action%3Aaction%3Dlightbox%26settings%3DeyJpZCI6MTExMCwidXJsIjoiaHR0cHM6XC9cL3d3dy50YXJyYWNvcHJpbnQuY29tXC93cC1jb250ZW50XC91cGxvYWRzXC8yMDIwXC8wNVwvR2liZXJ0XzIucG5nIiwic2xpZGVzaG93IjoiZTFkMTBlZiJ9\" href='https:\/\/www.tarracoprint.com\/wp-content\/uploads\/2020\/05\/Gibert_2.png'><img loading=\"lazy\" decoding=\"async\" width=\"150\" height=\"150\" src=\"https:\/\/www.tarracoprint.com\/wp-content\/uploads\/2020\/05\/Gibert_2-150x150.png\" class=\"attachment-thumbnail size-thumbnail\" alt=\"\" aria-describedby=\"gallery-2-1110\" srcset=\"https:\/\/www.tarracoprint.com\/wp-content\/uploads\/2020\/05\/Gibert_2-150x150.png 150w, https:\/\/www.tarracoprint.com\/wp-content\/uploads\/2020\/05\/Gibert_2-50x50.png 50w, https:\/\/www.tarracoprint.com\/wp-content\/uploads\/2020\/05\/Gibert_2-80x80.png 80w\" sizes=\"(max-width: 150px) 100vw, 150px\" \/><\/a>\n\t\t\t<\/dt>\n\t\t\t\t<dd class='wp-caption-text gallery-caption' id='gallery-2-1110'>\n\t\t\t\tMobles Gibert\n\t\t\t\t<\/dd><\/dl><dl class='gallery-item'>\n\t\t\t<dt class='gallery-icon portrait'>\n\t\t\t\t<a data-elementor-open-lightbox=\"yes\" data-elementor-lightbox-slideshow=\"e1d10ef\" data-elementor-lightbox-title=\"Gibert_3\" data-e-action-hash=\"#elementor-action%3Aaction%3Dlightbox%26settings%3DeyJpZCI6MTExMSwidXJsIjoiaHR0cHM6XC9cL3d3dy50YXJyYWNvcHJpbnQuY29tXC93cC1jb250ZW50XC91cGxvYWRzXC8yMDIwXC8wNVwvR2liZXJ0XzMucG5nIiwic2xpZGVzaG93IjoiZTFkMTBlZiJ9\" href='https:\/\/www.tarracoprint.com\/wp-content\/uploads\/2020\/05\/Gibert_3.png'><img loading=\"lazy\" decoding=\"async\" width=\"150\" height=\"150\" src=\"https:\/\/www.tarracoprint.com\/wp-content\/uploads\/2020\/05\/Gibert_3-150x150.png\" class=\"attachment-thumbnail size-thumbnail\" alt=\"\" aria-describedby=\"gallery-2-1111\" srcset=\"https:\/\/www.tarracoprint.com\/wp-content\/uploads\/2020\/05\/Gibert_3-150x150.png 150w, https:\/\/www.tarracoprint.com\/wp-content\/uploads\/2020\/05\/Gibert_3-50x50.png 50w, https:\/\/www.tarracoprint.com\/wp-content\/uploads\/2020\/05\/Gibert_3-80x80.png 80w\" sizes=\"(max-width: 150px) 100vw, 150px\" \/><\/a>\n\t\t\t<\/dt>\n\t\t\t\t<dd class='wp-caption-text gallery-caption' id='gallery-2-1111'>\n\t\t\t\tMobles Gibert\n\t\t\t\t<\/dd><\/dl>\n\t\t\t<br style='clear: both' \/>\n\t\t<\/div>\n\t\t<\/div>\n\t\t\t\t\t\t<\/div>\n\t\t\t\t<\/div>\n\t\t\t\t\t<\/div>\n\t\t<\/div>\n\t\t\t\t<div class=\"elementor-column elementor-col-33 elementor-top-column elementor-element elementor-element-cf29037\" data-id=\"cf29037\" data-element_type=\"column\">\n\t\t\t<div class=\"elementor-widget-wrap\">\n\t\t\t\t\t\t\t<\/div>\n\t\t<\/div>\n\t\t\t\t\t<\/div>\n\t\t<\/section>\n\t\t\t\t<\/div>\n\t\t","protected":false},"excerpt":{"rendered":"<p>Selecci\u00f3n de trabajos 2020 Impresi\u00f3n e instalaci\u00f3n de vinilos en local de Creixell Mercasol Mercasol Trabajos de Rotulaci\u00f3n realizados en Tarragona Escape Burger Mobles Gibert Mobles Gibert Mobles Gibert<\/p>\n","protected":false},"author":8,"featured_media":0,"parent":0,"menu_order":0,"comment_status":"closed","ping_status":"closed","template":"","meta":{"footnotes":""},"class_list":["post-309","page","type-page","status-publish","hentry"],"_links":{"self":[{"href":"https:\/\/www.tarracoprint.com\/index.php?rest_route=\/wp\/v2\/pages\/309","targetHints":{"allow":["GET"]}}],"collection":[{"href":"https:\/\/www.tarracoprint.com\/index.php?rest_route=\/wp\/v2\/pages"}],"about":[{"href":"https:\/\/www.tarracoprint.com\/index.php?rest_route=\/wp\/v2\/types\/page"}],"author":[{"embeddable":true,"href":"https:\/\/www.tarracoprint.com\/index.php?rest_route=\/wp\/v2\/users\/8"}],"replies":[{"embeddable":true,"href":"https:\/\/www.tarracoprint.com\/index.php?rest_route=%2Fwp%2Fv2%2Fcomments&post=309"}],"version-history":[{"count":10,"href":"https:\/\/www.tarracoprint.com\/index.php?rest_route=\/wp\/v2\/pages\/309\/revisions"}],"predecessor-version":[{"id":1116,"href":"https:\/\/www.tarracoprint.com\/index.php?rest_route=\/wp\/v2\/pages\/309\/revisions\/1116"}],"wp:attachment":[{"href":"https:\/\/www.tarracoprint.com\/index.php?rest_route=%2Fwp%2Fv2%2Fmedia&parent=309"}],"curies":[{"name":"wp","href":"https:\/\/api.w.org\/{rel}","templated":true}]}}