{"id":213,"date":"2014-04-02T21:12:40","date_gmt":"2014-04-02T20:12:40","guid":{"rendered":"https:\/\/www.tarracoprint.com\/?page_id=213"},"modified":"2014-06-13T19:10:49","modified_gmt":"2014-06-13T18:10:49","slug":"fotocopias","status":"publish","type":"page","link":"https:\/\/www.tarracoprint.com\/?page_id=213","title":{"rendered":"<h1>Fotocopias<h1>"},"content":{"rendered":"<p><img fetchpriority=\"high\" decoding=\"async\" class=\" wp-image-217  alignright\" alt=\"estudiantes_tarracoprint_fotocopias_impresion_digital_tarragona\" src=\"http:\/\/www.tarracoprint.com\/wp-content\/uploads\/2014\/04\/estudiantes_tarracoprint_fotocopias_impresion_digital_tarragona.png\" width=\"360\" height=\"217\" \/><\/p>\n<h1><span style=\"color: #00ccff;\">Si eres estudiante esto es para ti!<\/span><\/h1>\n<p style=\"text-align: left;\">Fotocopias e \u00a0impresi\u00f3n de documentos con id\u00e9ntica calidad que tu original, tantas copias como necesites.<\/p>\n<p style=\"text-align: left;\">Desde el mail o en cualquier soporte (DVD, CD, memoria port\u00e1til USB, floppy&#8230;) formato o aplicaci\u00f3n, tus archivos digitales impresos con la m\u00e1xima calidad y en tiempo r\u00e9cord.<\/p>\n<p style=\"text-align: left;\">Contamos con precios especiales para grandes vol\u00famenes de fotocopias e impresiones.<\/p>\n<h4 style=\"text-align: left;\"><span style=\"color: #000080;\">Encuadernamos tus documentos fotocopiados o impresos al instante\u00a0con espiral, canutillo, channel, carpetas con anillas&#8230;<\/span><\/h4>\n<p style=\"text-align: left;\">Tambi\u00e9n tenemos Encuadernaciones especiales, Encolado (encuadernaci\u00f3n americana), r\u00fastica o Tapa dura, fresado&#8230;<\/p>\n<p><img decoding=\"async\" class=\"alignnone\" title=\"TESIS_DOCTORALES\" alt=\"tarraco_print_logo_impresion_digital_fotocopias\" src=\"http:\/\/www.tarracoprint.com\/wp-content\/uploads\/2014\/03\/tarraco_print_logo_impresion_digital_peq.gif\" width=\"159\" height=\"56\" \/><\/p>\n","protected":false},"excerpt":{"rendered":"<p>Si eres estudiante esto es para ti! Fotocopias e \u00a0impresi\u00f3n de documentos con id\u00e9ntica calidad que tu original, tantas copias como necesites. Desde el mail o en cualquier soporte (DVD, CD, memoria port\u00e1til USB, floppy&#8230;) formato o aplicaci\u00f3n, tus archivos digitales impresos con la m\u00e1xima calidad y en tiempo r\u00e9cord. Contamos con precios especiales para [&hellip;]<\/p>\n","protected":false},"author":8,"featured_media":0,"parent":0,"menu_order":0,"comment_status":"closed","ping_status":"closed","template":"template.fullwidth.php","meta":{"footnotes":""},"class_list":["post-213","page","type-page","status-publish","hentry"],"_links":{"self":[{"href":"https:\/\/www.tarracoprint.com\/index.php?rest_route=\/wp\/v2\/pages\/213","targetHints":{"allow":["GET"]}}],"collection":[{"href":"https:\/\/www.tarracoprint.com\/index.php?rest_route=\/wp\/v2\/pages"}],"about":[{"href":"https:\/\/www.tarracoprint.com\/index.php?rest_route=\/wp\/v2\/types\/page"}],"author":[{"embeddable":true,"href":"https:\/\/www.tarracoprint.com\/index.php?rest_route=\/wp\/v2\/users\/8"}],"replies":[{"embeddable":true,"href":"https:\/\/www.tarracoprint.com\/index.php?rest_route=%2Fwp%2Fv2%2Fcomments&post=213"}],"version-history":[{"count":6,"href":"https:\/\/www.tarracoprint.com\/index.php?rest_route=\/wp\/v2\/pages\/213\/revisions"}],"predecessor-version":[{"id":226,"href":"https:\/\/www.tarracoprint.com\/index.php?rest_route=\/wp\/v2\/pages\/213\/revisions\/226"}],"wp:attachment":[{"href":"https:\/\/www.tarracoprint.com\/index.php?rest_route=%2Fwp%2Fv2%2Fmedia&parent=213"}],"curies":[{"name":"wp","href":"https:\/\/api.w.org\/{rel}","templated":true}]}}