{"id":19,"date":"2014-03-18T23:39:37","date_gmt":"2014-03-18T23:39:37","guid":{"rendered":"http:\/\/localhost\/kzk_tarraco\/?page_id=19"},"modified":"2014-04-02T21:36:37","modified_gmt":"2014-04-02T20:36:37","slug":"impresion-digital","status":"publish","type":"page","link":"https:\/\/www.tarracoprint.com\/?page_id=19","title":{"rendered":"<h1>Impresi\u00f3n Digital<\/h1>"},"content":{"rendered":"<h1><img fetchpriority=\"high\" decoding=\"async\" class=\"size-full wp-image-168 alignright\" alt=\"Flyers_web\" src=\"http:\/\/www.tarracoprint.com\/wp-content\/uploads\/2014\/03\/Flyers_web1.png\" width=\"376\" height=\"300\" srcset=\"https:\/\/www.tarracoprint.com\/wp-content\/uploads\/2014\/03\/Flyers_web1.png 376w, https:\/\/www.tarracoprint.com\/wp-content\/uploads\/2014\/03\/Flyers_web1-300x239.png 300w\" sizes=\"(max-width: 376px) 100vw, 376px\" \/><span style=\"color: #00ccff;\">Soluciones para fotocopiado e impresi\u00f3n<\/span><\/h1>\n<p style=\"text-align: left;\">En Tarraco Print cada cliente tiene un asesor preparado para coordinar todo el proceso: la recepci\u00f3n de los originales, la preimpresi\u00f3n, la impresi\u00f3n, los acabados, manipulados y la entrega final.La tecnolog\u00eda m\u00e1s r\u00e1pida para tus impresiones de:<\/p>\n<p style=\"text-align: left;\"><strong><span style=\"color: #000080;\">Tarjetas de visita, flyers, d\u00edpticos, tr\u00edpticos,\u00a0 posters,\u00a0<strong> revistas,<\/strong> proyectos, papeler\u00eda corporativa,\u00a0 carpetas, talonarios, presentaciones, dossiers, <strong><strong> tesis<\/strong><\/strong>&#8230;<\/span><\/strong><\/p>\n<p>\u00a0<img decoding=\"async\" title=\"IMPRESION_DIGITAL\" alt=\"tarraco_print_logo_impresion_digital_peq\" src=\"http:\/\/www.tarracoprint.com\/wp-content\/uploads\/2014\/03\/tarraco_print_logo_impresion_digital_peq.gif\" width=\"159\" height=\"56\" \/><\/p>\n","protected":false},"excerpt":{"rendered":"<p>Soluciones para fotocopiado e impresi\u00f3n En Tarraco Print cada cliente tiene un asesor preparado para coordinar todo el proceso: la recepci\u00f3n de los originales, la preimpresi\u00f3n, la impresi\u00f3n, los acabados, manipulados y la entrega final.La tecnolog\u00eda m\u00e1s r\u00e1pida para tus impresiones de: Tarjetas de visita, flyers, d\u00edpticos, tr\u00edpticos,\u00a0 posters,\u00a0 revistas, proyectos, papeler\u00eda corporativa,\u00a0 carpetas, talonarios, [&hellip;]<\/p>\n","protected":false},"author":8,"featured_media":0,"parent":0,"menu_order":1,"comment_status":"closed","ping_status":"closed","template":"template.fullwidth.php","meta":{"footnotes":""},"class_list":["post-19","page","type-page","status-publish","hentry"],"_links":{"self":[{"href":"https:\/\/www.tarracoprint.com\/index.php?rest_route=\/wp\/v2\/pages\/19","targetHints":{"allow":["GET"]}}],"collection":[{"href":"https:\/\/www.tarracoprint.com\/index.php?rest_route=\/wp\/v2\/pages"}],"about":[{"href":"https:\/\/www.tarracoprint.com\/index.php?rest_route=\/wp\/v2\/types\/page"}],"author":[{"embeddable":true,"href":"https:\/\/www.tarracoprint.com\/index.php?rest_route=\/wp\/v2\/users\/8"}],"replies":[{"embeddable":true,"href":"https:\/\/www.tarracoprint.com\/index.php?rest_route=%2Fwp%2Fv2%2Fcomments&post=19"}],"version-history":[{"count":71,"href":"https:\/\/www.tarracoprint.com\/index.php?rest_route=\/wp\/v2\/pages\/19\/revisions"}],"predecessor-version":[{"id":224,"href":"https:\/\/www.tarracoprint.com\/index.php?rest_route=\/wp\/v2\/pages\/19\/revisions\/224"}],"wp:attachment":[{"href":"https:\/\/www.tarracoprint.com\/index.php?rest_route=%2Fwp%2Fv2%2Fmedia&parent=19"}],"curies":[{"name":"wp","href":"https:\/\/api.w.org\/{rel}","templated":true}]}}